{"id":3449,"date":"2017-03-14T15:20:46","date_gmt":"2017-03-14T15:20:46","guid":{"rendered":"http:\/\/happytours.eu\/en\/content\/\/neutral\/"},"modified":"2017-03-15T14:07:26","modified_gmt":"2017-03-15T14:07:26","slug":"prague-vienna-ljubljana","status":"publish","type":"page","link":"https:\/\/happytours.eu\/en\/content\/prague-vienna-ljubljana\/products\/","title":{"rendered":"Joze Plecnik&#8217;s Prague, Vienna &#038; Ljubljana"},"content":{"rendered":"<p>&nbsp;<\/p>\n<div id=\"attachment_3455\" style=\"width: 301px\" class=\"wp-caption alignright\"><a href=\"http:\/\/happytours.eu\/wp-content\/uploads\/2017\/03\/Czech-Tourism_Prague-Castle.jpg\"><img aria-describedby=\"caption-attachment-3455\" loading=\"lazy\" class=\"img-responsive wp-image-3455 \" src=\"http:\/\/happytours.eu\/wp-content\/uploads\/2017\/03\/Czech-Tourism_Prague-Castle-300x200.jpg\" alt=\"Prague Castle_Czech Republic\" width=\"291\" height=\"194\" \/><\/a><p id=\"caption-attachment-3455\" class=\"wp-caption-text\">Prague Castle.<\/p><\/div>\n<p>Jo\u017ee Ple\u010dnik (1872 &#8211; 1957) was a Slovene architect who had a major impact on the modern identity of these beautiful central European cities. Join Austrian and Slovenian capitals at celebration of the 145th anniversary of Birth of this influential and important city planner.<\/p>\n<p><strong>Prague<\/strong><\/p>\n<p>Czech president Masaryk entrusted the modification of the Prague Castle to Jo\u017ee Ple\u010dnik, who then remained the Prague Castle architect until 1934. Cooperation between Masaryk and Ple\u010dnik resulted in a number of modifications to the interiors and exteriors of Prague Castle.<\/p>\n<p>One remarkable work of Ple\u010dnik\u2019s is the Church of the Most Sacred Heart of Our Lord in Vinohrady, the most beautiful modern church in Prague, reminiscent of the mystical structures of Ancient Egypt. The broad, 42 m high bell-tower, with its copper dome and crucifix, can be seen in the Prague panorama from as far away as Prague Castle.<\/p>\n<p>&nbsp;<\/p>\n<p><strong>Vienna<\/strong><\/p>\n<p>From 1900 through 1910 Ple\u010dnik practiced architecture in Vienna, completing projects such as the Langer House and the Zacherl apartment block. Ple\u010dnik&#8217;s Church of the Holy Spirit is remarkable for its innovative use of poured-in-place concrete as both structure and exterior surface, and also for its abstracted classical form language. Most radical is the church&#8217;s crypt, with its slender concrete columns and angular, cubist capitals and bases.<\/p>\n<div id=\"attachment_3456\" style=\"width: 301px\" class=\"wp-caption alignright\"><a href=\"http:\/\/happytours.eu\/wp-content\/uploads\/2017\/03\/Plecniks-Church-of-the-Holy-Spirit-Vienna.jpg\"><img aria-describedby=\"caption-attachment-3456\" loading=\"lazy\" class=\"img-responsive wp-image-3456 \" src=\"http:\/\/happytours.eu\/wp-content\/uploads\/2017\/03\/Plecniks-Church-of-the-Holy-Spirit-Vienna.jpg\" alt=\"Plecnik_Church of the Holy Spirit_Vienna\" width=\"291\" height=\"194\" \/><\/a><p id=\"caption-attachment-3456\" class=\"wp-caption-text\">Plecnik&#8217;s Church of the Holy Spirit, Vienna.<\/p><\/div>\n<p>&nbsp;<\/p>\n<p><strong>Ljubljana<\/strong><\/p>\n<p>Visit the renovated Ple\u010dnik House as the starting point of discovering Ple\u010dnik&#8217;s hometown. The famous architect tried to model Ljubljana on ancient Athens. The multitude of his creations in the city, referred to as a whole as &#8220;Ple\u010dnik&#8217;s Ljubljana&#8221;, is considered to be one of the 20th century&#8217;s most important total works of art. He is also a founding member of the Ljubljana School of Architecture.<\/p>\n<p>In 2017, the Ple\u010dnik Year, Ljubljana commemorates two anniversaries that marked the life of the architect Jo\u017ee Ple\u010dnik: the 60th anniversary of his death (7 January 1957) and the 145th anniversary of his birth (23 January 1872).<\/p>\n<p>The timeless, humanistic architecture of Jo\u017ee Ple\u010dnik in Ljubljana and Prague become part of UNESCO Tentative List (linkto: <a href=\"http:\/\/whc.unesco.org\/en\/tentativelists\/5968\/\">http:\/\/whc.unesco.org\/en\/tentativelists\/5968\/<\/a>). &#8220;During the crisis in modern urban planning, we discovered anew the humanistic value of Ple\u010dnik\u2019s public spaces, his sensibility to the contexts and his ability to recognise the importance of landscape planning within towns, which preceded the Historic Urban Landscape approach to historic towns.&#8221;<\/p>\n<div id=\"attachment_3457\" style=\"width: 310px\" class=\"wp-caption alignright\"><a href=\"http:\/\/happytours.eu\/wp-content\/uploads\/2017\/03\/VISIT-LJUBLJANA-Tromostovje-D.Wedam-1-3.jpg\"><img aria-describedby=\"caption-attachment-3457\" loading=\"lazy\" class=\"img-responsive wp-image-3457 size-medium\" src=\"http:\/\/happytours.eu\/wp-content\/uploads\/2017\/03\/VISIT-LJUBLJANA-Tromostovje-D.Wedam-1-3-300x199.jpg\" alt=\"Plecnik_Tromostovje_Ljubljana_Slovenia\" width=\"300\" height=\"199\" \/><\/a><p id=\"caption-attachment-3457\" class=\"wp-caption-text\">Ple\u010dnik&#8217;s tromostovje &#8211; triple bridge in Ljubljana, Slovenia.<\/p><\/div>\n<p>&nbsp;<\/p>\n<h3>Sources<\/h3>\n<ul>\n<li><a href=\"http:\/\/www.czechtourism.com\/home\/\">www.czechtourism.com<\/a><\/li>\n<li><a href=\"http:\/\/www.architectuul.com\/\">www.architectuul.com<\/a><\/li>\n<li><a href=\"https:\/\/www.visitljubljana.com\/en\/visitors\/\">www.visitljubljana.si<\/a><\/li>\n<li><a href=\"http:\/\/whc.unesco.org\/\">www.whc.unesco.org<\/a><\/li>\n<\/ul>\n<p>&nbsp;<\/p>\n<p>&nbsp;<\/p>\n","protected":false},"excerpt":{"rendered":"<p>&nbsp; Jo\u017ee Ple\u010dnik (1872 &#8211; 1957) was a Slovene architect who had a major impact on the modern identity of these beautiful central European cities. Join Austrian and Slovenian capitals at celebration of the 145th anniversary of Birth of this influential and important city planner. Prague Czech president Masaryk entrusted the modification of the Prague [&hellip;]<\/p>\n","protected":false},"author":2,"featured_media":0,"parent":0,"menu_order":0,"comment_status":"closed","ping_status":"closed","template":"","meta":[],"_links":{"self":[{"href":"https:\/\/happytours.eu\/en\/wp-json\/wp\/v2\/pages\/3449"}],"collection":[{"href":"https:\/\/happytours.eu\/en\/wp-json\/wp\/v2\/pages"}],"about":[{"href":"https:\/\/happytours.eu\/en\/wp-json\/wp\/v2\/types\/page"}],"author":[{"embeddable":true,"href":"https:\/\/happytours.eu\/en\/wp-json\/wp\/v2\/users\/2"}],"replies":[{"embeddable":true,"href":"https:\/\/happytours.eu\/en\/wp-json\/wp\/v2\/comments?post=3449"}],"version-history":[{"count":30,"href":"https:\/\/happytours.eu\/en\/wp-json\/wp\/v2\/pages\/3449\/revisions"}],"predecessor-version":[{"id":3452,"href":"https:\/\/happytours.eu\/en\/wp-json\/wp\/v2\/pages\/3449\/revisions\/3452"}],"wp:attachment":[{"href":"https:\/\/happytours.eu\/en\/wp-json\/wp\/v2\/media?parent=3449"}],"curies":[{"name":"wp","href":"https:\/\/api.w.org\/{rel}","templated":true}]}}